{"id":446,"date":"2023-07-12T11:48:52","date_gmt":"2023-07-12T09:48:52","guid":{"rendered":"https:\/\/ambiance-yoga-et-sens.fr\/?page_id=446"},"modified":"2025-07-02T10:32:40","modified_gmt":"2025-07-02T08:32:40","slug":"mentions-legales","status":"publish","type":"page","link":"https:\/\/ambiance-yoga-et-sens.fr\/index.php\/mentions-legales\/","title":{"rendered":"Mentions l\u00e9gales"},"content":{"rendered":"\n<div class=\"wp-block-group is-vertical is-layout-flex wp-container-core-group-is-layout-451eccff wp-block-group-is-layout-flex\" style=\"padding-top:0;padding-right:0;padding-bottom:var(--wp--preset--spacing--60);padding-left:0\">\n<h1 class=\"wp-block-heading\" style=\"padding-top:var(--wp--preset--spacing--40);font-style:normal;font-weight:600;text-transform:capitalize\">Mentions l\u00e9gales<\/h1>\n\n\n\n<p style=\"padding-top:var(--wp--preset--spacing--50);padding-right:0;padding-bottom:var(--wp--preset--spacing--40);padding-left:0\">En vigueur le 02\/07\/2025<\/p>\n\n\n\n<h2 class=\"wp-block-heading has-text-color\" style=\"color:#fb6060\"><strong>1 \u2013 \u00c9dition du site<\/strong>.<\/h2>\n\n\n\n<p class=\"has-link-color wp-elements-169ec36c74869aeecd9fa1dfe5c389ec\" style=\"font-size:16px\">En vertu de <a href=\"https:\/\/www.legifrance.gouv.fr\/affichTexte.do?cidTexte=JORFTEXT000000801164#LEGIARTI000042038977\" target=\"_blank\" rel=\"noreferrer noopener\">l\u2019article 6 de la loi n\u00b0 2004-575 du 21 juin 2004<\/a> pour la confiance dans l\u2019\u00e9conomie num\u00e9rique, il est pr\u00e9cis\u00e9 aux utilisateurs du site internet <a href=\"https:\/\/ambiance-yoga-et-sens.fr\/\"><strong>https:\/\/ambiance-yoga-et-sens.fr\/<\/strong><\/a> l\u2019identit\u00e9 des diff\u00e9rents intervenants dans le cadre de sa r\u00e9alisation et de son suivi:<\/p>\n\n\n\n<p style=\"padding-top:var(--wp--preset--spacing--30);padding-right:0;padding-bottom:0;padding-left:0;font-size:16px\"><strong>Propri\u00e9taire du site : <\/strong>Mme PONS Catherine<\/p>\n\n\n\n<p style=\"margin-top:0;margin-right:0;margin-bottom:0;margin-left:0;padding-top:var(--wp--preset--spacing--30);padding-right:0;padding-bottom:0;padding-left:0;font-size:16px\"><strong>Contact :<\/strong><\/p>\n\n\n\n<p style=\"margin-top:0;margin-right:0;margin-bottom:0;margin-left:0;padding-top:0;padding-right:0;padding-bottom:0;padding-left:0;font-size:16px\">E-mail : catherine.katy33@gmail.com<\/p>\n\n\n\n<p style=\"font-size:16px\">T\u00e9l\u00e9phone : 0661091263<\/p>\n\n\n\n<p style=\"font-size:16px\">Adresse : 89 all\u00e9e Fructidor, 33115 La Teste de Buch<\/p>\n\n\n\n<p style=\"padding-top:var(--wp--preset--spacing--30);font-size:16px\"><strong>Identification de l\u2019entreprise :<\/strong><\/p>\n\n\n\n<p style=\"font-size:16px\">EI &#8211; Pons Catherine<\/p>\n\n\n\n<p style=\"font-size:16px\">SIREN : 422615682<\/p>\n\n\n\n<p style=\"font-size:16px\">Adresse postale : 89 all\u00e9e Fructidor, 33115 La Teste de Buch<\/p>\n\n\n\n<p style=\"padding-top:var(--wp--preset--spacing--30);font-size:16px\"><strong>Cr\u00e9ateur du site :<\/strong><\/p>\n\n\n\n<p style=\"font-size:16px\">EI &#8211; BARRERO Elsa &#8211; Cr\u00e9a&rsquo;Online &#8211; crea-online@outlook.fr<\/p>\n\n\n\n<p style=\"padding-top:var(--wp--preset--spacing--30);font-size:16px\"><strong>Directeur de la publication : <\/strong>Mme PONS Catherine<\/p>\n\n\n\n<p style=\"font-size:16px\">Contact : catherine.katy33@gmail.com<\/p>\n\n\n\n<p style=\"padding-top:var(--wp--preset--spacing--30);font-size:16px\"><strong>H\u00e9bergeur :<\/strong> OVH SAS<\/p>\n\n\n\n<p style=\"font-size:16px\">Adresse : 2 rue Kellermann, BP 80157 59053 ROUBAIX CEDEX 1<\/p>\n\n\n\n<p style=\"font-size:16px\">T\u00e9l\u00e9phone : 09 72 10 10 07<\/p>\n\n\n\n<hr class=\"wp-block-separator has-alpha-channel-opacity\"\/>\n\n\n\n<h2 class=\"wp-block-heading has-text-color\" style=\"color:#fb6060;padding-top:var(--wp--preset--spacing--30);padding-right:0;padding-bottom:0;padding-left:0\"><strong>2 \u2013 Conditions G\u00e9n\u00e9rales de Services<\/strong>.<\/h2>\n\n\n\n<p class=\"has-link-color wp-elements-52212bf9864efd657cede89040380237\" style=\"font-size:16px\">L\u2019utilisation du site <a href=\"https:\/\/ambiance-yoga-et-sens.fr\/\"><strong>https:\/\/ambiance-yoga-et-sens.fr\/<\/strong><\/a> implique l\u2019acceptation pleine et enti\u00e8re des conditions g\u00e9n\u00e9rales d\u2019utilisation ci-apr\u00e8s d\u00e9crites. Ces conditions d\u2019utilisation sont susceptibles d\u2019\u00eatre modifi\u00e9es ou compl\u00e9t\u00e9es \u00e0 tout moment, les utilisateurs du site <strong><a href=\"https:\/\/ambiance-yoga-et-sens.fr\/\">https:\/\/ambiance-yoga-et-sens.fr\/<\/a><\/strong> sont donc invit\u00e9s \u00e0 les consulter de mani\u00e8re r\u00e9guli\u00e8re. Ce site est normalement accessible \u00e0 tout moment aux utilisateurs. Une interruption pour raison de maintenance technique peut \u00eatre toutefois d\u00e9cid\u00e9e par EI &#8211; BARRERO Elsa, qui s\u2019efforcera alors de communiquer pr\u00e9alablement aux utilisateurs les dates et heures de l\u2019intervention. Le site <strong><a href=\"https:\/\/ambiance-yoga-et-sens.fr\/\"><\/a><strong><a href=\"https:\/\/ambiance-yoga-et-sens.fr\/\">https:\/\/ambiance-yoga-et-sens.fr\/<\/a><\/strong><\/strong> est mis \u00e0 jour r\u00e9guli\u00e8rement par EI &#8211; PONS Catherine. De la m\u00eame fa\u00e7on, les mentions l\u00e9gales peuvent \u00eatre modifi\u00e9es \u00e0 tout moment : elles s\u2019imposent n\u00e9anmoins \u00e0 l\u2019utilisateur qui est invit\u00e9 \u00e0 s\u2019y r\u00e9f\u00e9rer le plus souvent possible afin d\u2019en prendre connaissance.<\/p>\n\n\n\n<hr class=\"wp-block-separator has-alpha-channel-opacity\"\/>\n\n\n\n<h2 class=\"wp-block-heading has-text-color\" style=\"color:#fb6060;padding-top:var(--wp--preset--spacing--30)\"><strong>3 \u2013 Description des services fournis.<\/strong><\/h2>\n\n\n\n<p class=\"has-link-color wp-elements-9e3cebc497b3dac462f8026deadfd64d\" style=\"font-size:16px\">Le site <strong><a href=\"https:\/\/ambiance-yoga-et-sens.fr\/\"><\/a><a href=\"https:\/\/ambiance-yoga-et-sens.fr\/\"><strong>https:\/\/ambiance-yoga-et-sens.fr\/<\/strong><\/a><\/strong> a pour objet de fournir une information concernant l\u2019ensemble des activit\u00e9s de la soci\u00e9t\u00e9. EI &#8211; PONS Catherine s\u2019efforce de fournir sur le site <strong><a href=\"https:\/\/ambiance-yoga-et-sens.fr\/\"><\/a><a href=\"https:\/\/ambiance-yoga-et-sens.fr\/\"><strong>https:\/\/ambiance-yoga-et-sens.fr\/<\/strong><\/a><\/strong> des informations aussi pr\u00e9cises que possible. Toutefois, elle ne pourra \u00eatre tenue responsable des omissions, des inexactitudes et des carences dans la mise \u00e0 jour, qu\u2019elles soient de son fait ou du fait des tiers partenaires qui lui fournissent ces informations. Toutes les informations indiqu\u00e9es sur le site <strong><a href=\"https:\/\/ambiance-yoga-et-sens.fr\/\"><\/a><a href=\"https:\/\/ambiance-yoga-et-sens.fr\/\"><strong>https:\/\/ambiance-yoga-et-sens.fr\/<\/strong><\/a><\/strong> sont donn\u00e9es \u00e0 titre indicatif, et sont susceptibles d\u2019\u00e9voluer. Par ailleurs, les renseignements figurant sur le site <strong><a href=\"https:\/\/ambiance-yoga-et-sens.fr\/\"><\/a><a href=\"https:\/\/ambiance-yoga-et-sens.fr\/\"><strong>https:\/\/ambiance-yoga-et-sens.fr\/<\/strong><\/a><\/strong> ne sont pas exhaustifs. Ils sont donn\u00e9s sous r\u00e9serve de modifications ayant \u00e9t\u00e9 apport\u00e9es depuis leur mise en ligne.<\/p>\n\n\n\n<hr class=\"wp-block-separator has-alpha-channel-opacity\"\/>\n\n\n\n<h2 class=\"wp-block-heading has-text-color\" style=\"color:#fb6060;padding-top:var(--wp--preset--spacing--30)\"><strong>4 \u2013 Propri\u00e9t\u00e9 intellectuelle et contrefa\u00e7ons.<\/strong><\/h2>\n\n\n\n<p style=\"font-size:16px\"><strong>EI \u2013 PONS Catherine<\/strong> est propri\u00e9taire des droits de propri\u00e9t\u00e9 intellectuelle et d\u00e9tient les droits d\u2019usage sur tous les \u00e9l\u00e9ments accessibles sur le site internet, notamment les textes, images, graphismes, logos, vid\u00e9os, architecture, ic\u00f4nes et sons.<\/p>\n\n\n\n<p style=\"font-size:16px\">Toute reproduction, repr\u00e9sentation, modification, publication, adaptation de tout ou partie des \u00e9l\u00e9ments du site, quel que soit le moyen ou le proc\u00e9d\u00e9 utilis\u00e9, est interdite, sauf autorisation \u00e9crite pr\u00e9alable de <strong>EI \u2013 PONS Catherine<\/strong>.<\/p>\n\n\n\n<p class=\"has-link-color wp-elements-f871247fa65fce020fcd521002a53404\" style=\"font-size:16px\">Toute exploitation non autoris\u00e9e du site ou de l\u2019un quelconque des \u00e9l\u00e9ments qu\u2019il contient sera consid\u00e9r\u00e9e comme constitutive d\u2019une contrefa\u00e7on et poursuivie conform\u00e9ment aux dispositions des articles <a href=\"https:\/\/www.legifrance.gouv.fr\/affichCodeArticle.do?idArticle=LEGIARTI000032655082&amp;cidTexte=LEGITEXT000006069414&amp;dateTexte=20160605\" target=\"_blank\" rel=\"noreferrer noopener\">L.335-2 et suivants du Code de Propri\u00e9t\u00e9 Intellectuelle<\/a>.<\/p>\n\n\n\n<hr class=\"wp-block-separator has-alpha-channel-opacity\"\/>\n\n\n\n<h2 class=\"wp-block-heading has-text-color\" style=\"color:#fb6060;padding-top:var(--wp--preset--spacing--30)\"><strong>5 \u2013 Limitations de responsabilit\u00e9.<\/strong><\/h2>\n\n\n\n<p class=\"has-link-color wp-elements-2b7700644a6a25b4ad3dedfa8d008f1f\" style=\"font-size:16px\"><strong>EI \u2013 PONS Catherine<\/strong> ne pourra \u00eatre tenu pour responsable des dommages directs et indirects caus\u00e9s au mat\u00e9riel de l\u2019utilisateur, lors de l\u2019acc\u00e8s au site <strong><a href=\"https:\/\/ambiance-yoga-et-sens.fr\/\"><\/a><a href=\"https:\/\/ambiance-yoga-et-sens.fr\/\"><strong>https:\/\/ambiance-yoga-et-sens.fr\/<\/strong><\/a><\/strong>.<\/p>\n\n\n\n<p class=\"has-link-color wp-elements-64c8641daa4152de77df13a3c5f0b051\" style=\"font-size:16px\"><strong><strong>EI \u2013 PONS Catherine<\/strong><\/strong> d\u00e9cline toute responsabilit\u00e9 quant \u00e0 l\u2019utilisation qui pourrait \u00eatre faite des informations et contenus pr\u00e9sents sur <strong><a href=\"https:\/\/ambiance-yoga-et-sens.fr\/\"><\/a><a href=\"https:\/\/ambiance-yoga-et-sens.fr\/\"><strong>https:\/\/ambiance-yoga-et-sens.fr\/<\/strong><\/a><\/strong>.<\/p>\n\n\n\n<p class=\"has-link-color wp-elements-e5b586d4a77da6f5375d8aedfc8dce95\" style=\"font-size:16px\"><strong><strong>EI \u2013 PONS Catherine<\/strong><\/strong> s\u2019engage \u00e0 s\u00e9curiser au mieux le site <strong><a href=\"https:\/\/ambiance-yoga-et-sens.fr\/\"><strong>https:\/\/ambiance-yoga-et-sens.fr\/<\/strong><\/a><\/strong>, cependant sa responsabilit\u00e9 ne pourra \u00eatre mise en cause si des donn\u00e9es ind\u00e9sirables sont import\u00e9es et install\u00e9es sur son site \u00e0 son insu.<\/p>\n\n\n\n<p style=\"font-size:16px\">Des espaces interactifs (espace contact ou commentaires) sont \u00e0 la disposition des utilisateurs. <strong><strong>EI \u2013 PONS Catherine<\/strong><\/strong> se r\u00e9serve le droit de supprimer, sans mise en demeure pr\u00e9alable, tout contenu d\u00e9pos\u00e9 dans cet espace qui contreviendrait \u00e0 la l\u00e9gislation applicable en France, en particulier aux dispositions relatives \u00e0 la protection des donn\u00e9es.<\/p>\n\n\n\n<p style=\"font-size:16px\">Le cas \u00e9ch\u00e9ant, <strong><strong>EI \u2013 PONS Catherine<\/strong><\/strong> se r\u00e9serve \u00e9galement la possibilit\u00e9 de mettre en cause la responsabilit\u00e9 civile et\/ou p\u00e9nale de l\u2019utilisateur, notamment en cas de message \u00e0 caract\u00e8re raciste, injurieux, diffamant, ou pornographique, quel que soit le support utilis\u00e9 (texte, photographie \u2026).<\/p>\n\n\n\n<hr class=\"wp-block-separator has-alpha-channel-opacity\"\/>\n\n\n\n<h2 class=\"wp-block-heading has-text-color\" style=\"color:#fb6060;padding-top:var(--wp--preset--spacing--30)\"><strong>6 \u2013 CNIL et gestion des donn\u00e9es personnelles.<\/strong><\/h2>\n\n\n\n<p class=\"has-link-color wp-elements-e364276c504892acbf29343834b4485a\" style=\"font-size:16px\">Conform\u00e9ment aux dispositions de <a href=\"https:\/\/www.legifrance.gouv.fr\/affichTexte.do?cidTexte=JORFTEXT000000886460\" target=\"_blank\" rel=\"noreferrer noopener\">la loi 78-17 du 6 janvier 1978 modifi\u00e9e<\/a>, l\u2019utilisateur du site <strong><a href=\"https:\/\/ambiance-yoga-et-sens.fr\/\"><strong><\/strong><\/a><strong><a href=\"https:\/\/ambiance-yoga-et-sens.fr\/\"><strong>https:\/\/ambiance-yoga-et-sens.fr\/<\/strong><\/a><\/strong><\/strong> dispose d\u2019un droit d\u2019acc\u00e8s, de modification et de suppression des informations collect\u00e9es. Pour exercer ce droit, envoyez un message \u00e0 catherine.katy33@gmail.com .<\/p>\n\n\n\n<p style=\"font-size:16px\">Les donn\u00e9es collect\u00e9es sont exclusivement utilis\u00e9es \u00e0 des fins professionnelles et ne sont communiqu\u00e9es \u00e0 aucun organisme tiers.<\/p>\n\n\n\n<hr class=\"wp-block-separator has-alpha-channel-opacity\"\/>\n\n\n\n<h2 class=\"wp-block-heading has-text-color\" style=\"color:#fb6060;padding-top:var(--wp--preset--spacing--30)\"><strong>7 \u2013 Liens hypertextes et cookies<\/strong><\/h2>\n\n\n\n<p class=\"has-link-color wp-elements-c72fb91b0afc438f2a85d3d1a49846d1\" style=\"font-size:16px\">Le site <strong><strong><a href=\"https:\/\/ambiance-yoga-et-sens.fr\/\"><strong>https:\/\/ambiance-yoga-et-sens.fr\/<\/strong><\/a><\/strong><\/strong> contient des liens hypertextes vers d\u2019autres sites et d\u00e9gage toute responsabilit\u00e9 \u00e0 propos de ces liens externes ou des liens cr\u00e9\u00e9s par d\u2019autres sites vers <a href=\"https:\/\/ambiance-yoga-et-sens.fr\/\"><\/a><strong><strong><strong><a href=\"https:\/\/ambiance-yoga-et-sens.fr\/\"><strong>https:\/\/ambiance-yoga-et-sens.fr\/<\/strong><\/a><\/strong><\/strong><\/strong>.<\/p>\n\n\n\n<p class=\"has-link-color wp-elements-402666e5d8c5e90ce6d3841ad4246ec0\">Le site <a href=\"https:\/\/ambiance-yoga-et-sens.fr\/\"><strong><strong><strong><\/strong><\/strong><\/strong><\/a><strong><strong><strong><a href=\"https:\/\/ambiance-yoga-et-sens.fr\/\"><strong>https:\/\/ambiance-yoga-et-sens.fr\/<\/strong><\/a><\/strong><\/strong><\/strong> n&rsquo;utilise pas de cookies.<\/p>\n\n\n\n<p style=\"font-size:16px\">Un \u00ab&nbsp;cookie&nbsp;\u00bb est un fichier de petite taille qui enregistre des informations relatives \u00e0 la navigation d\u2019un utilisateur sur un site. Les donn\u00e9es ainsi obtenues permettent d\u2019obtenir des mesures de fr\u00e9quentation, par exemple.<\/p>\n\n\n\n<hr class=\"wp-block-separator has-alpha-channel-opacity\"\/>\n\n\n\n<h2 class=\"wp-block-heading has-text-color\" style=\"color:#fb6060;padding-top:var(--wp--preset--spacing--30)\"><strong>8 \u2013 Droit applicable et attribution de juridiction.<\/strong><\/h2>\n\n\n\n<p class=\"has-link-color wp-elements-fbd34505bc84ead1086c306706c0ce7b\" style=\"font-size:16px\">Tout litige en relation avec l\u2019utilisation du site <strong><a href=\"https:\/\/creaonline.fr\/\"><\/a><strong><a href=\"https:\/\/ambiance-yoga-et-sens.fr\/\"><strong>https:\/\/ambiance-yoga-et-sens.fr\/<\/strong><\/a><\/strong><\/strong> est soumis au droit fran\u00e7ais. En dehors des cas o\u00f9 la loi ne le permet pas, il est fait attribution exclusive de juridiction aux tribunaux comp\u00e9tents de Bordeaux.<\/p>\n<\/div>\n","protected":false},"excerpt":{"rendered":"<p>Mentions l\u00e9gales En vigueur le 02\/07\/2025 1 \u2013 \u00c9dition du site. En vertu de l\u2019article 6 de la loi n\u00b0 2004-575 du 21 juin 2004 pour la confiance dans l\u2019\u00e9conomie num\u00e9rique, il est pr\u00e9cis\u00e9 aux utilisateurs du site internet https:\/\/ambiance-yoga-et-sens.fr\/ l\u2019identit\u00e9 des diff\u00e9rents intervenants dans le cadre de sa r\u00e9alisation et de son suivi: Propri\u00e9taire [&hellip;]<\/p>\n","protected":false},"author":1,"featured_media":0,"parent":0,"menu_order":0,"comment_status":"closed","ping_status":"closed","template":"","meta":{"site-sidebar-layout":"default","site-content-layout":"","ast-site-content-layout":"default","site-content-style":"default","site-sidebar-style":"default","ast-global-header-display":"","ast-banner-title-visibility":"","ast-main-header-display":"","ast-hfb-above-header-display":"","ast-hfb-below-header-display":"","ast-hfb-mobile-header-display":"","site-post-title":"disabled","ast-breadcrumbs-content":"","ast-featured-img":"","footer-sml-layout":"","ast-disable-related-posts":"","theme-transparent-header-meta":"","adv-header-id-meta":"","stick-header-meta":"","header-above-stick-meta":"","header-main-stick-meta":"","header-below-stick-meta":"","astra-migrate-meta-layouts":"set","ast-page-background-enabled":"default","ast-page-background-meta":{"desktop":{"background-color":"var(--ast-global-color-4)","background-image":"","background-repeat":"repeat","background-position":"center center","background-size":"auto","background-attachment":"scroll","background-type":"","background-media":"","overlay-type":"","overlay-color":"","overlay-opacity":"","overlay-gradient":""},"tablet":{"background-color":"","background-image":"","background-repeat":"repeat","background-position":"center center","background-size":"auto","background-attachment":"scroll","background-type":"","background-media":"","overlay-type":"","overlay-color":"","overlay-opacity":"","overlay-gradient":""},"mobile":{"background-color":"","background-image":"","background-repeat":"repeat","background-position":"center center","background-size":"auto","background-attachment":"scroll","background-type":"","background-media":"","overlay-type":"","overlay-color":"","overlay-opacity":"","overlay-gradient":""}},"ast-content-background-meta":{"desktop":{"background-color":"var(--ast-global-color-5)","background-image":"","background-repeat":"repeat","background-position":"center center","background-size":"auto","background-attachment":"scroll","background-type":"","background-media":"","overlay-type":"","overlay-color":"","overlay-opacity":"","overlay-gradient":""},"tablet":{"background-color":"var(--ast-global-color-5)","background-image":"","background-repeat":"repeat","background-position":"center center","background-size":"auto","background-attachment":"scroll","background-type":"","background-media":"","overlay-type":"","overlay-color":"","overlay-opacity":"","overlay-gradient":""},"mobile":{"background-color":"var(--ast-global-color-5)","background-image":"","background-repeat":"repeat","background-position":"center center","background-size":"auto","background-attachment":"scroll","background-type":"","background-media":"","overlay-type":"","overlay-color":"","overlay-opacity":"","overlay-gradient":""}},"footnotes":""},"class_list":["post-446","page","type-page","status-publish","hentry"],"yoast_head":"<!-- This site is optimized with the Yoast SEO plugin v27.3 - https:\/\/yoast.com\/product\/yoast-seo-wordpress\/ -->\n<title>Mentions l\u00e9gales - Yoga ambiance et sens<\/title>\n<meta name=\"description\" content=\"Mentions l\u00e9gales du site Yoga ambiance et sens - Mentions l\u00e9gales - \u00c9dition du site - Conditions g\u00e9n\u00e9rales - Propri\u00e9t\u00e9 intellectuelle\" \/>\n<meta name=\"robots\" content=\"index, follow, max-snippet:-1, max-image-preview:large, max-video-preview:-1\" \/>\n<link rel=\"canonical\" href=\"https:\/\/ambiance-yoga-et-sens.fr\/index.php\/mentions-legales\/\" \/>\n<meta property=\"og:locale\" content=\"fr_FR\" \/>\n<meta property=\"og:type\" content=\"article\" \/>\n<meta property=\"og:title\" content=\"Mentions l\u00e9gales - Yoga ambiance et sens\" \/>\n<meta property=\"og:description\" content=\"Mentions l\u00e9gales du site Yoga ambiance et sens - Mentions l\u00e9gales - \u00c9dition du site - Conditions g\u00e9n\u00e9rales - Propri\u00e9t\u00e9 intellectuelle\" \/>\n<meta property=\"og:url\" content=\"https:\/\/ambiance-yoga-et-sens.fr\/index.php\/mentions-legales\/\" \/>\n<meta property=\"og:site_name\" content=\"Yoga ambiance et sens\" \/>\n<meta property=\"article:modified_time\" content=\"2025-07-02T08:32:40+00:00\" \/>\n<meta name=\"twitter:card\" content=\"summary_large_image\" \/>\n<meta name=\"twitter:label1\" content=\"Dur\u00e9e de lecture estim\u00e9e\" \/>\n\t<meta name=\"twitter:data1\" content=\"5 minutes\" \/>\n<script type=\"application\/ld+json\" class=\"yoast-schema-graph\">{\"@context\":\"https:\\\/\\\/schema.org\",\"@graph\":[{\"@type\":\"WebPage\",\"@id\":\"https:\\\/\\\/ambiance-yoga-et-sens.fr\\\/index.php\\\/mentions-legales\\\/\",\"url\":\"https:\\\/\\\/ambiance-yoga-et-sens.fr\\\/index.php\\\/mentions-legales\\\/\",\"name\":\"Mentions l\u00e9gales - Yoga ambiance et sens\",\"isPartOf\":{\"@id\":\"https:\\\/\\\/ambiance-yoga-et-sens.fr\\\/#website\"},\"datePublished\":\"2023-07-12T09:48:52+00:00\",\"dateModified\":\"2025-07-02T08:32:40+00:00\",\"description\":\"Mentions l\u00e9gales du site Yoga ambiance et sens - Mentions l\u00e9gales - \u00c9dition du site - Conditions g\u00e9n\u00e9rales - Propri\u00e9t\u00e9 intellectuelle\",\"breadcrumb\":{\"@id\":\"https:\\\/\\\/ambiance-yoga-et-sens.fr\\\/index.php\\\/mentions-legales\\\/#breadcrumb\"},\"inLanguage\":\"fr-FR\",\"potentialAction\":[{\"@type\":\"ReadAction\",\"target\":[\"https:\\\/\\\/ambiance-yoga-et-sens.fr\\\/index.php\\\/mentions-legales\\\/\"]}]},{\"@type\":\"BreadcrumbList\",\"@id\":\"https:\\\/\\\/ambiance-yoga-et-sens.fr\\\/index.php\\\/mentions-legales\\\/#breadcrumb\",\"itemListElement\":[{\"@type\":\"ListItem\",\"position\":1,\"name\":\"Accueil\",\"item\":\"https:\\\/\\\/ambiance-yoga-et-sens.fr\\\/\"},{\"@type\":\"ListItem\",\"position\":2,\"name\":\"Mentions l\u00e9gales\"}]},{\"@type\":\"WebSite\",\"@id\":\"https:\\\/\\\/ambiance-yoga-et-sens.fr\\\/#website\",\"url\":\"https:\\\/\\\/ambiance-yoga-et-sens.fr\\\/\",\"name\":\"Yoga ambiance et sens\",\"description\":\"Yoga ambiance et sens\",\"publisher\":{\"@id\":\"https:\\\/\\\/ambiance-yoga-et-sens.fr\\\/#organization\"},\"potentialAction\":[{\"@type\":\"SearchAction\",\"target\":{\"@type\":\"EntryPoint\",\"urlTemplate\":\"https:\\\/\\\/ambiance-yoga-et-sens.fr\\\/?s={search_term_string}\"},\"query-input\":{\"@type\":\"PropertyValueSpecification\",\"valueRequired\":true,\"valueName\":\"search_term_string\"}}],\"inLanguage\":\"fr-FR\"},{\"@type\":\"Organization\",\"@id\":\"https:\\\/\\\/ambiance-yoga-et-sens.fr\\\/#organization\",\"name\":\"Yoga ambiance et sens\",\"url\":\"https:\\\/\\\/ambiance-yoga-et-sens.fr\\\/\",\"logo\":{\"@type\":\"ImageObject\",\"inLanguage\":\"fr-FR\",\"@id\":\"https:\\\/\\\/ambiance-yoga-et-sens.fr\\\/#\\\/schema\\\/logo\\\/image\\\/\",\"url\":\"https:\\\/\\\/ambiance-yoga-et-sens.fr\\\/wp-content\\\/uploads\\\/2022\\\/03\\\/logo_yoga_et_sens-scaled.png\",\"contentUrl\":\"https:\\\/\\\/ambiance-yoga-et-sens.fr\\\/wp-content\\\/uploads\\\/2022\\\/03\\\/logo_yoga_et_sens-scaled.png\",\"width\":2560,\"height\":785,\"caption\":\"Yoga ambiance et sens\"},\"image\":{\"@id\":\"https:\\\/\\\/ambiance-yoga-et-sens.fr\\\/#\\\/schema\\\/logo\\\/image\\\/\"}}]}<\/script>\n<!-- \/ Yoast SEO plugin. -->","yoast_head_json":{"title":"Mentions l\u00e9gales - Yoga ambiance et sens","description":"Mentions l\u00e9gales du site Yoga ambiance et sens - Mentions l\u00e9gales - \u00c9dition du site - Conditions g\u00e9n\u00e9rales - Propri\u00e9t\u00e9 intellectuelle","robots":{"index":"index","follow":"follow","max-snippet":"max-snippet:-1","max-image-preview":"max-image-preview:large","max-video-preview":"max-video-preview:-1"},"canonical":"https:\/\/ambiance-yoga-et-sens.fr\/index.php\/mentions-legales\/","og_locale":"fr_FR","og_type":"article","og_title":"Mentions l\u00e9gales - Yoga ambiance et sens","og_description":"Mentions l\u00e9gales du site Yoga ambiance et sens - Mentions l\u00e9gales - \u00c9dition du site - Conditions g\u00e9n\u00e9rales - Propri\u00e9t\u00e9 intellectuelle","og_url":"https:\/\/ambiance-yoga-et-sens.fr\/index.php\/mentions-legales\/","og_site_name":"Yoga ambiance et sens","article_modified_time":"2025-07-02T08:32:40+00:00","twitter_card":"summary_large_image","twitter_misc":{"Dur\u00e9e de lecture estim\u00e9e":"5 minutes"},"schema":{"@context":"https:\/\/schema.org","@graph":[{"@type":"WebPage","@id":"https:\/\/ambiance-yoga-et-sens.fr\/index.php\/mentions-legales\/","url":"https:\/\/ambiance-yoga-et-sens.fr\/index.php\/mentions-legales\/","name":"Mentions l\u00e9gales - Yoga ambiance et sens","isPartOf":{"@id":"https:\/\/ambiance-yoga-et-sens.fr\/#website"},"datePublished":"2023-07-12T09:48:52+00:00","dateModified":"2025-07-02T08:32:40+00:00","description":"Mentions l\u00e9gales du site Yoga ambiance et sens - Mentions l\u00e9gales - \u00c9dition du site - Conditions g\u00e9n\u00e9rales - Propri\u00e9t\u00e9 intellectuelle","breadcrumb":{"@id":"https:\/\/ambiance-yoga-et-sens.fr\/index.php\/mentions-legales\/#breadcrumb"},"inLanguage":"fr-FR","potentialAction":[{"@type":"ReadAction","target":["https:\/\/ambiance-yoga-et-sens.fr\/index.php\/mentions-legales\/"]}]},{"@type":"BreadcrumbList","@id":"https:\/\/ambiance-yoga-et-sens.fr\/index.php\/mentions-legales\/#breadcrumb","itemListElement":[{"@type":"ListItem","position":1,"name":"Accueil","item":"https:\/\/ambiance-yoga-et-sens.fr\/"},{"@type":"ListItem","position":2,"name":"Mentions l\u00e9gales"}]},{"@type":"WebSite","@id":"https:\/\/ambiance-yoga-et-sens.fr\/#website","url":"https:\/\/ambiance-yoga-et-sens.fr\/","name":"Yoga ambiance et sens","description":"Yoga ambiance et sens","publisher":{"@id":"https:\/\/ambiance-yoga-et-sens.fr\/#organization"},"potentialAction":[{"@type":"SearchAction","target":{"@type":"EntryPoint","urlTemplate":"https:\/\/ambiance-yoga-et-sens.fr\/?s={search_term_string}"},"query-input":{"@type":"PropertyValueSpecification","valueRequired":true,"valueName":"search_term_string"}}],"inLanguage":"fr-FR"},{"@type":"Organization","@id":"https:\/\/ambiance-yoga-et-sens.fr\/#organization","name":"Yoga ambiance et sens","url":"https:\/\/ambiance-yoga-et-sens.fr\/","logo":{"@type":"ImageObject","inLanguage":"fr-FR","@id":"https:\/\/ambiance-yoga-et-sens.fr\/#\/schema\/logo\/image\/","url":"https:\/\/ambiance-yoga-et-sens.fr\/wp-content\/uploads\/2022\/03\/logo_yoga_et_sens-scaled.png","contentUrl":"https:\/\/ambiance-yoga-et-sens.fr\/wp-content\/uploads\/2022\/03\/logo_yoga_et_sens-scaled.png","width":2560,"height":785,"caption":"Yoga ambiance et sens"},"image":{"@id":"https:\/\/ambiance-yoga-et-sens.fr\/#\/schema\/logo\/image\/"}}]}},"_links":{"self":[{"href":"https:\/\/ambiance-yoga-et-sens.fr\/index.php\/wp-json\/wp\/v2\/pages\/446","targetHints":{"allow":["GET"]}}],"collection":[{"href":"https:\/\/ambiance-yoga-et-sens.fr\/index.php\/wp-json\/wp\/v2\/pages"}],"about":[{"href":"https:\/\/ambiance-yoga-et-sens.fr\/index.php\/wp-json\/wp\/v2\/types\/page"}],"author":[{"embeddable":true,"href":"https:\/\/ambiance-yoga-et-sens.fr\/index.php\/wp-json\/wp\/v2\/users\/1"}],"replies":[{"embeddable":true,"href":"https:\/\/ambiance-yoga-et-sens.fr\/index.php\/wp-json\/wp\/v2\/comments?post=446"}],"version-history":[{"count":17,"href":"https:\/\/ambiance-yoga-et-sens.fr\/index.php\/wp-json\/wp\/v2\/pages\/446\/revisions"}],"predecessor-version":[{"id":1256,"href":"https:\/\/ambiance-yoga-et-sens.fr\/index.php\/wp-json\/wp\/v2\/pages\/446\/revisions\/1256"}],"wp:attachment":[{"href":"https:\/\/ambiance-yoga-et-sens.fr\/index.php\/wp-json\/wp\/v2\/media?parent=446"}],"curies":[{"name":"wp","href":"https:\/\/api.w.org\/{rel}","templated":true}]}}